{"id":7574,"date":"2023-10-27T17:42:46","date_gmt":"2023-10-27T15:42:46","guid":{"rendered":"https:\/\/gdh-gmbh.redeco-it.de\/beroepen\/"},"modified":"2025-03-14T09:13:49","modified_gmt":"2025-03-14T08:13:49","slug":"beroepen","status":"publish","type":"page","link":"https:\/\/gdh-gmbh.redeco-it.de\/nl\/beroepen\/","title":{"rendered":"Beroepen"},"content":{"rendered":"\t\t<div data-elementor-type=\"wp-page\" data-elementor-id=\"7574\" class=\"elementor elementor-7574 elementor-2188\" data-elementor-post-type=\"page\">\n\t\t\t\t<div class=\"elementor-element elementor-element-7e7e2d3 e-flex e-con-boxed e-con e-parent\" data-id=\"7e7e2d3\" data-element_type=\"container\" data-settings=\"{&quot;background_background&quot;:&quot;classic&quot;}\">\n\t\t\t\t\t<div class=\"e-con-inner\">\n\t\t<div class=\"elementor-element elementor-element-a68b977 e-con-full e-flex e-con e-child\" data-id=\"a68b977\" data-element_type=\"container\">\n\t\t\t\t<\/div>\n\t\t<div class=\"elementor-element elementor-element-6909291 elementor-hidden-tablet elementor-hidden-mobile e-con-full e-flex e-con e-child\" data-id=\"6909291\" data-element_type=\"container\">\n\t\t\t\t<\/div>\n\t\t\t\t\t<\/div>\n\t\t\t\t<\/div>\n\t\t<div class=\"elementor-element elementor-element-85a3776 e-flex e-con-boxed e-con e-parent\" data-id=\"85a3776\" data-element_type=\"container\">\n\t\t\t\t\t<div class=\"e-con-inner\">\n\t\t\t\t<div class=\"elementor-element elementor-element-f3d9fa2 elementor-icon-list--layout-inline elementor-list-item-link-full_width elementor-widget elementor-widget-icon-list\" data-id=\"f3d9fa2\" data-element_type=\"widget\" data-widget_type=\"icon-list.default\">\n\t\t\t\t<div class=\"elementor-widget-container\">\n\t\t\t\t\t\t\t<ul class=\"elementor-icon-list-items elementor-inline-items\">\n\t\t\t\t\t\t\t<li class=\"elementor-icon-list-item elementor-inline-item\">\n\t\t\t\t\t\t\t\t\t\t\t<a href=\"https:\/\/gdh-gmbh.redeco-it.de\">\n\n\t\t\t\t\t\t\t\t\t\t\t<span class=\"elementor-icon-list-text\">Startpagina<\/span>\n\t\t\t\t\t\t\t\t\t\t\t<\/a>\n\t\t\t\t\t\t\t\t\t<\/li>\n\t\t\t\t\t\t\t\t<li class=\"elementor-icon-list-item elementor-inline-item\">\n\t\t\t\t\t\t\t\t\t\t\t<span class=\"elementor-icon-list-icon\">\n\t\t\t\t\t\t\t<svg aria-hidden=\"true\" class=\"e-font-icon-svg e-fas-angle-double-right\" viewBox=\"0 0 448 512\" xmlns=\"http:\/\/www.w3.org\/2000\/svg\"><path d=\"M224.3 273l-136 136c-9.4 9.4-24.6 9.4-33.9 0l-22.6-22.6c-9.4-9.4-9.4-24.6 0-33.9l96.4-96.4-96.4-96.4c-9.4-9.4-9.4-24.6 0-33.9L54.3 103c9.4-9.4 24.6-9.4 33.9 0l136 136c9.5 9.4 9.5 24.6.1 34zm192-34l-136-136c-9.4-9.4-24.6-9.4-33.9 0l-22.6 22.6c-9.4 9.4-9.4 24.6 0 33.9l96.4 96.4-96.4 96.4c-9.4 9.4-9.4 24.6 0 33.9l22.6 22.6c9.4 9.4 24.6 9.4 33.9 0l136-136c9.4-9.2 9.4-24.4 0-33.8z\"><\/path><\/svg>\t\t\t\t\t\t<\/span>\n\t\t\t\t\t\t\t\t\t\t<span class=\"elementor-icon-list-text\">Carri\u00e8re<\/span>\n\t\t\t\t\t\t\t\t\t<\/li>\n\t\t\t\t\t\t\t\t<li class=\"elementor-icon-list-item elementor-inline-item\">\n\t\t\t\t\t\t\t\t\t\t\t<a href=\"https:\/\/gdh-gmbh.redeco-it.de\/berufe\">\n\n\t\t\t\t\t\t\t\t\t\t\t\t<span class=\"elementor-icon-list-icon\">\n\t\t\t\t\t\t\t<svg aria-hidden=\"true\" class=\"e-font-icon-svg e-fas-angle-double-right\" viewBox=\"0 0 448 512\" xmlns=\"http:\/\/www.w3.org\/2000\/svg\"><path d=\"M224.3 273l-136 136c-9.4 9.4-24.6 9.4-33.9 0l-22.6-22.6c-9.4-9.4-9.4-24.6 0-33.9l96.4-96.4-96.4-96.4c-9.4-9.4-9.4-24.6 0-33.9L54.3 103c9.4-9.4 24.6-9.4 33.9 0l136 136c9.5 9.4 9.5 24.6.1 34zm192-34l-136-136c-9.4-9.4-24.6-9.4-33.9 0l-22.6 22.6c-9.4 9.4-9.4 24.6 0 33.9l96.4 96.4-96.4 96.4c-9.4 9.4-9.4 24.6 0 33.9l22.6 22.6c9.4 9.4 24.6 9.4 33.9 0l136-136c9.4-9.2 9.4-24.4 0-33.8z\"><\/path><\/svg>\t\t\t\t\t\t<\/span>\n\t\t\t\t\t\t\t\t\t\t<span class=\"elementor-icon-list-text\">Beroepen<\/span>\n\t\t\t\t\t\t\t\t\t\t\t<\/a>\n\t\t\t\t\t\t\t\t\t<\/li>\n\t\t\t\t\t\t<\/ul>\n\t\t\t\t\t\t<\/div>\n\t\t\t\t<\/div>\n\t\t\t\t\t<\/div>\n\t\t\t\t<\/div>\n\t\t\t\t<section class=\"elementor-section elementor-top-section elementor-element elementor-element-26861344 elementor-section-boxed elementor-section-height-default elementor-section-height-default\" data-id=\"26861344\" data-element_type=\"section\">\n\t\t\t\t\t\t<div class=\"elementor-container elementor-column-gap-default\">\n\t\t\t\t\t<div class=\"elementor-column elementor-col-100 elementor-top-column elementor-element elementor-element-6170cee\" data-id=\"6170cee\" data-element_type=\"column\">\n\t\t\t<div class=\"elementor-widget-wrap elementor-element-populated\">\n\t\t\t\t\t\t<section class=\"elementor-section elementor-inner-section elementor-element elementor-element-6ba002bd elementor-section-boxed elementor-section-height-default elementor-section-height-default\" data-id=\"6ba002bd\" data-element_type=\"section\">\n\t\t\t\t\t\t<div class=\"elementor-container elementor-column-gap-no\">\n\t\t\t\t\t<div class=\"elementor-column elementor-col-100 elementor-inner-column elementor-element elementor-element-55e5b370\" data-id=\"55e5b370\" data-element_type=\"column\">\n\t\t\t<div class=\"elementor-widget-wrap elementor-element-populated\">\n\t\t\t\t\t\t<div class=\"elementor-element elementor-element-dda6ede elementor-align-left elementor-icon-list--layout-traditional elementor-list-item-link-full_width elementor-invisible elementor-widget elementor-widget-icon-list\" data-id=\"dda6ede\" data-element_type=\"widget\" data-settings=\"{&quot;_animation&quot;:&quot;fadeInUp&quot;}\" data-widget_type=\"icon-list.default\">\n\t\t\t\t<div class=\"elementor-widget-container\">\n\t\t\t\t\t\t\t<ul class=\"elementor-icon-list-items\">\n\t\t\t\t\t\t\t<li class=\"elementor-icon-list-item\">\n\t\t\t\t\t\t\t\t\t\t\t<span class=\"elementor-icon-list-icon\">\n\t\t\t\t\t\t\t\t\t\t\t\t\t<\/span>\n\t\t\t\t\t\t\t\t\t\t<span class=\"elementor-icon-list-text\">Werken bij GDH<\/span>\n\t\t\t\t\t\t\t\t\t<\/li>\n\t\t\t\t\t\t<\/ul>\n\t\t\t\t\t\t<\/div>\n\t\t\t\t<\/div>\n\t\t\t\t<div class=\"elementor-element elementor-element-783b7167 elementor-widget elementor-widget-heading\" data-id=\"783b7167\" data-element_type=\"widget\" data-widget_type=\"heading.default\">\n\t\t\t\t<div class=\"elementor-widget-container\">\n\t\t\t\t\t<h2 class=\"elementor-heading-title elementor-size-default\">Meer dan alleen <span style=\"color: #00a0f0\">een baan<\/span><\/h2>\t\t\t\t<\/div>\n\t\t\t\t<\/div>\n\t\t\t\t<div class=\"elementor-element elementor-element-37b9a3ef elementor-widget elementor-widget-text-editor\" data-id=\"37b9a3ef\" data-element_type=\"widget\" data-widget_type=\"text-editor.default\">\n\t\t\t\t<div class=\"elementor-widget-container\">\n\t\t\t\t\t\t\t\t\tHeb je een opleiding of diploma in een technisch of commercieel vakgebied? Dan ben je hier aan het juiste adres voor een succesvolle toekomst. Bij GDH ondersteunen we onze medewerkers om het beste uit zichzelf te halen. In ons bedrijf word je daarom ingezet op basis van je persoonlijke vaardigheden en word je altijd uitgedaagd en aangemoedigd.\n\n\t\t\t\t\t\t\t\t<\/div>\n\t\t\t\t<\/div>\n\t\t\t\t\t<\/div>\n\t\t<\/div>\n\t\t\t\t\t<\/div>\n\t\t<\/section>\n\t\t\t\t\t<\/div>\n\t\t<\/div>\n\t\t\t\t\t<\/div>\n\t\t<\/section>\n\t\t<div class=\"elementor-element elementor-element-1738cec e-flex e-con-boxed e-con e-parent\" data-id=\"1738cec\" data-element_type=\"container\">\n\t\t\t\t\t<div class=\"e-con-inner\">\n\t\t<div class=\"elementor-element elementor-element-1f9c64f e-con-full e-flex e-con e-child\" data-id=\"1f9c64f\" data-element_type=\"container\">\n\t\t\t\t<div class=\"elementor-element elementor-element-335c63c elementor-invisible elementor-widget elementor-widget-image\" data-id=\"335c63c\" data-element_type=\"widget\" data-settings=\"{&quot;_animation&quot;:&quot;fadeInLeft&quot;}\" data-widget_type=\"image.default\">\n\t\t\t\t<div class=\"elementor-widget-container\">\n\t\t\t\t\t\t\t\t\t\t\t\t\t\t\t<img decoding=\"async\" src=\"https:\/\/gdh-gmbh.redeco-it.de\/wp-content\/uploads\/2023\/11\/Berufe-2-GDH-II-19.webp\" title=\"Berufe-2-GDH II-19\" alt=\"Berufe-2-GDH II-19\" loading=\"lazy\" \/>\t\t\t\t\t\t\t\t\t\t\t\t\t\t\t<\/div>\n\t\t\t\t<\/div>\n\t\t\t\t<\/div>\n\t\t<div class=\"elementor-element elementor-element-e41b93f e-con-full e-flex e-con e-child\" data-id=\"e41b93f\" data-element_type=\"container\">\n\t\t\t\t<div class=\"elementor-element elementor-element-252a11f elementor-widget elementor-widget-text-editor\" data-id=\"252a11f\" data-element_type=\"widget\" data-widget_type=\"text-editor.default\">\n\t\t\t\t<div class=\"elementor-widget-container\">\n\t\t\t\t\t\t\t\t\t<p>Maar we bieden je ook de mogelijkheid om je carri\u00e8re een nieuwe wending te geven zonder een opleiding metaalbewerking te volgen. Als carri\u00e8rewisselaar geven we je de kans om verder te komen in je carri\u00e8re.<\/p>\n<p>Interne opleidingen in CNC-besturingen en in de bediening van verschillende systemen in ons machinepark geven je de kans om je vaardigheden dagelijks te demonstreren.<\/p>\n<p>Ongeacht je leeftijd en opleidingsniveau bieden we je graag de kans om bij ons te komen werken als je fundamenteel ge\u00efnteresseerd bent in metaalbewerking.<\/p>\t\t\t\t\t\t\t\t<\/div>\n\t\t\t\t<\/div>\n\t\t\t\t<\/div>\n\t\t\t\t\t<\/div>\n\t\t\t\t<\/div>\n\t\t<div class=\"elementor-element elementor-element-ed4229b animated-slow e-con-full e-flex elementor-invisible e-con e-child\" data-id=\"ed4229b\" data-element_type=\"container\" data-settings=\"{&quot;background_background&quot;:&quot;classic&quot;,&quot;animation&quot;:&quot;fadeIn&quot;,&quot;animation_delay&quot;:1000}\">\n\t\t\t\t<div class=\"elementor-element elementor-element-214cfe4 elementor-align-center elementor-icon-list--layout-traditional elementor-list-item-link-full_width elementor-invisible elementor-widget elementor-widget-icon-list\" data-id=\"214cfe4\" data-element_type=\"widget\" data-settings=\"{&quot;_animation&quot;:&quot;fadeInUp&quot;}\" data-widget_type=\"icon-list.default\">\n\t\t\t\t<div class=\"elementor-widget-container\">\n\t\t\t\t\t\t\t<ul class=\"elementor-icon-list-items\">\n\t\t\t\t\t\t\t<li class=\"elementor-icon-list-item\">\n\t\t\t\t\t\t\t\t\t\t\t<span class=\"elementor-icon-list-icon\">\n\t\t\t\t\t\t\t\t\t\t\t\t\t<\/span>\n\t\t\t\t\t\t\t\t\t\t<span class=\"elementor-icon-list-text\">Ons motto<\/span>\n\t\t\t\t\t\t\t\t\t<\/li>\n\t\t\t\t\t\t<\/ul>\n\t\t\t\t\t\t<\/div>\n\t\t\t\t<\/div>\n\t\t\t\t<div class=\"elementor-element elementor-element-180dddc animated-slow elementor-invisible elementor-widget elementor-widget-text-editor\" data-id=\"180dddc\" data-element_type=\"widget\" data-settings=\"{&quot;_animation&quot;:&quot;fadeIn&quot;}\" data-widget_type=\"text-editor.default\">\n\t\t\t\t<div class=\"elementor-widget-container\">\n\t\t\t\t\t\t\t\t\t<p>Voor ons betekent <span style=\"color: #00a0fa; font-weight: bold;\">denken in \u00b5<\/span><br \/>precisie, passie en<br \/>het streven naar <span style=\"color: #00a0fa;\">unieke kwaliteit.<\/span><\/p>\n\t\t\t\t\t\t\t\t<\/div>\n\t\t\t\t<\/div>\n\t\t\t\t<\/div>\n\t\t<div class=\"elementor-element elementor-element-50af1025 e-flex e-con-boxed e-con e-parent\" data-id=\"50af1025\" data-element_type=\"container\">\n\t\t\t\t\t<div class=\"e-con-inner\">\n\t\t<div class=\"elementor-element elementor-element-6e7ff45e e-con-full e-flex e-con e-child\" data-id=\"6e7ff45e\" data-element_type=\"container\">\n\t\t\t\t<div class=\"elementor-element elementor-element-272a3e31 elementor-align-center elementor-icon-list--layout-traditional elementor-list-item-link-full_width elementor-invisible elementor-widget elementor-widget-icon-list\" data-id=\"272a3e31\" data-element_type=\"widget\" data-settings=\"{&quot;_animation&quot;:&quot;fadeInUp&quot;}\" data-widget_type=\"icon-list.default\">\n\t\t\t\t<div class=\"elementor-widget-container\">\n\t\t\t\t\t\t\t<ul class=\"elementor-icon-list-items\">\n\t\t\t\t\t\t\t<li class=\"elementor-icon-list-item\">\n\t\t\t\t\t\t\t\t\t\t\t<span class=\"elementor-icon-list-icon\">\n\t\t\t\t\t\t\t\t\t\t\t\t\t<\/span>\n\t\t\t\t\t\t\t\t\t\t<span class=\"elementor-icon-list-text\">Denk je ook in \u00b5?<\/span>\n\t\t\t\t\t\t\t\t\t<\/li>\n\t\t\t\t\t\t<\/ul>\n\t\t\t\t\t\t<\/div>\n\t\t\t\t<\/div>\n\t\t\t\t<div class=\"elementor-element elementor-element-430bc2be elementor-invisible elementor-widget elementor-widget-heading\" data-id=\"430bc2be\" data-element_type=\"widget\" data-settings=\"{&quot;_animation&quot;:&quot;fadeInUp&quot;}\" data-widget_type=\"heading.default\">\n\t\t\t\t<div class=\"elementor-widget-container\">\n\t\t\t\t\t<h2 class=\"elementor-heading-title elementor-size-default\">Neem dan direct en zonder omwegen contact met ons op<\/h2>\t\t\t\t<\/div>\n\t\t\t\t<\/div>\n\t\t<div class=\"elementor-element elementor-element-78e906e5 e-con-full e-flex e-con e-child\" data-id=\"78e906e5\" data-element_type=\"container\">\n\t\t<div class=\"elementor-element elementor-element-677fc5ee e-con-full e-flex elementor-invisible e-con e-child\" data-id=\"677fc5ee\" data-element_type=\"container\" data-settings=\"{&quot;animation&quot;:&quot;fadeInUp&quot;}\">\n\t\t\t\t<\/div>\n\t\t<div class=\"elementor-element elementor-element-24332f86 e-con-full e-flex elementor-invisible e-con e-child\" data-id=\"24332f86\" data-element_type=\"container\" data-settings=\"{&quot;animation&quot;:&quot;fadeInUp&quot;}\">\n\t\t\t\t<div class=\"elementor-element elementor-element-1adc4762 elementor-view-default elementor-position-top elementor-mobile-position-top elementor-invisible elementor-widget elementor-widget-icon-box\" data-id=\"1adc4762\" data-element_type=\"widget\" data-settings=\"{&quot;_animation&quot;:&quot;fadeInUp&quot;}\" data-widget_type=\"icon-box.default\">\n\t\t\t\t<div class=\"elementor-widget-container\">\n\t\t\t\t\t\t\t<div class=\"elementor-icon-box-wrapper\">\n\n\t\t\t\t\t\t<div class=\"elementor-icon-box-icon\">\n\t\t\t\t<a href=\"tel:+492661915640\" class=\"elementor-icon\" tabindex=\"-1\" aria-label=\"+49 2661 9156-10\">\n\t\t\t\t<svg aria-hidden=\"true\" class=\"e-font-icon-svg e-fas-phone-alt\" viewBox=\"0 0 512 512\" xmlns=\"http:\/\/www.w3.org\/2000\/svg\"><path d=\"M497.39 361.8l-112-48a24 24 0 0 0-28 6.9l-49.6 60.6A370.66 370.66 0 0 1 130.6 204.11l60.6-49.6a23.94 23.94 0 0 0 6.9-28l-48-112A24.16 24.16 0 0 0 122.6.61l-104 24A24 24 0 0 0 0 48c0 256.5 207.9 464 464 464a24 24 0 0 0 23.4-18.6l24-104a24.29 24.29 0 0 0-14.01-27.6z\"><\/path><\/svg>\t\t\t\t<\/a>\n\t\t\t<\/div>\n\t\t\t\n\t\t\t\t\t\t<div class=\"elementor-icon-box-content\">\n\n\t\t\t\t\t\t\t\t\t<h4 class=\"elementor-icon-box-title\">\n\t\t\t\t\t\t<a href=\"tel:+492661915640\" >\n\t\t\t\t\t\t\t+49 2661 9156-10\t\t\t\t\t\t<\/a>\n\t\t\t\t\t<\/h4>\n\t\t\t\t\n\t\t\t\t\n\t\t\t<\/div>\n\t\t\t\n\t\t<\/div>\n\t\t\t\t\t\t<\/div>\n\t\t\t\t<\/div>\n\t\t\t\t<\/div>\n\t\t<div class=\"elementor-element elementor-element-123ad556 e-con-full e-flex elementor-invisible e-con e-child\" data-id=\"123ad556\" data-element_type=\"container\" data-settings=\"{&quot;animation&quot;:&quot;fadeInUp&quot;}\">\n\t\t\t\t<div class=\"elementor-element elementor-element-36984228 elementor-view-default elementor-position-top elementor-mobile-position-top elementor-invisible elementor-widget elementor-widget-icon-box\" data-id=\"36984228\" data-element_type=\"widget\" data-settings=\"{&quot;_animation&quot;:&quot;fadeInUp&quot;}\" data-widget_type=\"icon-box.default\">\n\t\t\t\t<div class=\"elementor-widget-container\">\n\t\t\t\t\t\t\t<div class=\"elementor-icon-box-wrapper\">\n\n\t\t\t\t\t\t<div class=\"elementor-icon-box-icon\">\n\t\t\t\t<a href=\"https:\/\/gdh-gmbh.redeco-it.de\/kontakt#myform\" class=\"elementor-icon\" tabindex=\"-1\" aria-label=\"Per e-mail\">\n\t\t\t\t<svg aria-hidden=\"true\" class=\"e-font-icon-svg e-fas-envelope\" viewBox=\"0 0 512 512\" xmlns=\"http:\/\/www.w3.org\/2000\/svg\"><path d=\"M502.3 190.8c3.9-3.1 9.7-.2 9.7 4.7V400c0 26.5-21.5 48-48 48H48c-26.5 0-48-21.5-48-48V195.6c0-5 5.7-7.8 9.7-4.7 22.4 17.4 52.1 39.5 154.1 113.6 21.1 15.4 56.7 47.8 92.2 47.6 35.7.3 72-32.8 92.3-47.6 102-74.1 131.6-96.3 154-113.7zM256 320c23.2.4 56.6-29.2 73.4-41.4 132.7-96.3 142.8-104.7 173.4-128.7 5.8-4.5 9.2-11.5 9.2-18.9v-19c0-26.5-21.5-48-48-48H48C21.5 64 0 85.5 0 112v19c0 7.4 3.4 14.3 9.2 18.9 30.6 23.9 40.7 32.4 173.4 128.7 16.8 12.2 50.2 41.8 73.4 41.4z\"><\/path><\/svg>\t\t\t\t<\/a>\n\t\t\t<\/div>\n\t\t\t\n\t\t\t\t\t\t<div class=\"elementor-icon-box-content\">\n\n\t\t\t\t\t\t\t\t\t<h4 class=\"elementor-icon-box-title\">\n\t\t\t\t\t\t<a href=\"https:\/\/gdh-gmbh.redeco-it.de\/kontakt#myform\" >\n\t\t\t\t\t\t\tPer e-mail\t\t\t\t\t\t<\/a>\n\t\t\t\t\t<\/h4>\n\t\t\t\t\n\t\t\t\t\n\t\t\t<\/div>\n\t\t\t\n\t\t<\/div>\n\t\t\t\t\t\t<\/div>\n\t\t\t\t<\/div>\n\t\t\t\t<\/div>\n\t\t<div class=\"elementor-element elementor-element-43ec913 e-con-full e-flex elementor-invisible e-con e-child\" data-id=\"43ec913\" data-element_type=\"container\" data-settings=\"{&quot;animation&quot;:&quot;fadeInUp&quot;}\">\n\t\t\t\t<\/div>\n\t\t\t\t<\/div>\n\t\t\t\t<\/div>\n\t\t\t\t\t<\/div>\n\t\t\t\t<\/div>\n\t\t\t\t<\/div>\n\t\t","protected":false},"excerpt":{"rendered":"<p>Startpagina Carri\u00e8re Beroepen Werken bij GDH Meer dan alleen een baan Heb je een opleiding of diploma in een technisch of commercieel vakgebied? Dan ben je hier aan het juiste adres voor een succesvolle toekomst. Bij GDH ondersteunen we onze medewerkers om het beste uit zichzelf te halen. In ons bedrijf word je daarom ingezet [&hellip;]<\/p>\n","protected":false},"author":6,"featured_media":0,"parent":0,"menu_order":0,"comment_status":"closed","ping_status":"closed","template":"","meta":{"footnotes":""},"class_list":["post-7574","page","type-page","status-publish","hentry"],"yoast_head":"<!-- This site is optimized with the Yoast SEO plugin v25.6 - https:\/\/yoast.com\/wordpress\/plugins\/seo\/ -->\n<title>Carri\u00e8remogelijkheden bij GDH | Beroepen<\/title>\n<meta name=\"description\" content=\"Ontdek de carri\u00e8remogelijkheden bij GDH. Met of zonder opleiding in metaaltechnologie - wij bieden mogelijkheden voor iedereen.\" \/>\n<meta name=\"robots\" content=\"noindex, follow, max-snippet:-1, max-image-preview:large, max-video-preview:-1\" \/>\n<meta property=\"og:locale\" content=\"nl_NL\" \/>\n<meta property=\"og:type\" content=\"article\" \/>\n<meta property=\"og:title\" content=\"Carri\u00e8remogelijkheden bij GDH | Beroepen\" \/>\n<meta property=\"og:description\" content=\"Ontdek de carri\u00e8remogelijkheden bij GDH. Met of zonder opleiding in metaaltechnologie - wij bieden mogelijkheden voor iedereen.\" \/>\n<meta property=\"og:url\" content=\"https:\/\/gdh-gmbh.redeco-it.de\/nl\/beroepen\/\" \/>\n<meta property=\"og:site_name\" content=\"GDH Metallverarbeitung GmbH\" \/>\n<meta property=\"article:publisher\" content=\"https:\/\/www.instagram.com\/gdh_metallverarbeitung\/\" \/>\n<meta property=\"article:modified_time\" content=\"2025-03-14T08:13:49+00:00\" \/>\n<meta property=\"og:image\" content=\"https:\/\/gdh-gmbh.redeco-it.de\/wp-content\/uploads\/elementor\/thumbs\/Berufe-2-GDH-II-19-qewz36ay2zb8qulekgwxnglq6wru4dzkqrdu6jhfvk.webp\" \/>\n<meta name=\"twitter:card\" content=\"summary_large_image\" \/>\n<meta name=\"twitter:label1\" content=\"Geschatte leestijd\" \/>\n\t<meta name=\"twitter:data1\" content=\"1 minuut\" \/>\n<script type=\"application\/ld+json\" class=\"yoast-schema-graph\">{\"@context\":\"https:\/\/schema.org\",\"@graph\":[{\"@type\":\"WebPage\",\"@id\":\"https:\/\/gdh-gmbh.redeco-it.de\/nl\/beroepen\/\",\"url\":\"https:\/\/gdh-gmbh.redeco-it.de\/nl\/beroepen\/\",\"name\":\"Carri\u00e8remogelijkheden bij GDH | Beroepen\",\"isPartOf\":{\"@id\":\"https:\/\/gdh-gmbh.redeco-it.de\/nl\/#website\"},\"primaryImageOfPage\":{\"@id\":\"https:\/\/gdh-gmbh.redeco-it.de\/nl\/beroepen\/#primaryimage\"},\"image\":{\"@id\":\"https:\/\/gdh-gmbh.redeco-it.de\/nl\/beroepen\/#primaryimage\"},\"thumbnailUrl\":\"https:\/\/gdh-gmbh.redeco-it.de\/wp-content\/uploads\/elementor\/thumbs\/Berufe-2-GDH-II-19-qewz36ay2zb8qulekgwxnglq6wru4dzkqrdu6jhfvk.webp\",\"datePublished\":\"2023-10-27T15:42:46+00:00\",\"dateModified\":\"2025-03-14T08:13:49+00:00\",\"description\":\"Ontdek de carri\u00e8remogelijkheden bij GDH. Met of zonder opleiding in metaaltechnologie - wij bieden mogelijkheden voor iedereen.\",\"breadcrumb\":{\"@id\":\"https:\/\/gdh-gmbh.redeco-it.de\/nl\/beroepen\/#breadcrumb\"},\"inLanguage\":\"nl-NL\",\"potentialAction\":[{\"@type\":\"ReadAction\",\"target\":[\"https:\/\/gdh-gmbh.redeco-it.de\/nl\/beroepen\/\"]}]},{\"@type\":\"ImageObject\",\"inLanguage\":\"nl-NL\",\"@id\":\"https:\/\/gdh-gmbh.redeco-it.de\/nl\/beroepen\/#primaryimage\",\"url\":\"https:\/\/gdh-gmbh.redeco-it.de\/wp-content\/uploads\/elementor\/thumbs\/Berufe-2-GDH-II-19-qewz36ay2zb8qulekgwxnglq6wru4dzkqrdu6jhfvk.webp\",\"contentUrl\":\"https:\/\/gdh-gmbh.redeco-it.de\/wp-content\/uploads\/elementor\/thumbs\/Berufe-2-GDH-II-19-qewz36ay2zb8qulekgwxnglq6wru4dzkqrdu6jhfvk.webp\"},{\"@type\":\"BreadcrumbList\",\"@id\":\"https:\/\/gdh-gmbh.redeco-it.de\/nl\/beroepen\/#breadcrumb\",\"itemListElement\":[{\"@type\":\"ListItem\",\"position\":1,\"name\":\"Startseite\",\"item\":\"https:\/\/gdh-gmbh.redeco-it.de\/nl\/\"},{\"@type\":\"ListItem\",\"position\":2,\"name\":\"Beroepen\"}]},{\"@type\":\"WebSite\",\"@id\":\"https:\/\/gdh-gmbh.redeco-it.de\/nl\/#website\",\"url\":\"https:\/\/gdh-gmbh.redeco-it.de\/nl\/\",\"name\":\"GDH Metallverarbeitung GmbH\",\"description\":\"Denken in tausendstel Millimetern.\",\"publisher\":{\"@id\":\"https:\/\/gdh-gmbh.redeco-it.de\/nl\/#organization\"},\"potentialAction\":[{\"@type\":\"SearchAction\",\"target\":{\"@type\":\"EntryPoint\",\"urlTemplate\":\"https:\/\/gdh-gmbh.redeco-it.de\/nl\/?s={search_term_string}\"},\"query-input\":{\"@type\":\"PropertyValueSpecification\",\"valueRequired\":true,\"valueName\":\"search_term_string\"}}],\"inLanguage\":\"nl-NL\"},{\"@type\":\"Organization\",\"@id\":\"https:\/\/gdh-gmbh.redeco-it.de\/nl\/#organization\",\"name\":\"GDH Metallverarbeitung GmbH\",\"url\":\"https:\/\/gdh-gmbh.redeco-it.de\/nl\/\",\"logo\":{\"@type\":\"ImageObject\",\"inLanguage\":\"nl-NL\",\"@id\":\"https:\/\/gdh-gmbh.redeco-it.de\/nl\/#\/schema\/logo\/image\/\",\"url\":\"https:\/\/gdh-gmbh.redeco-it.de\/wp-content\/uploads\/2023\/10\/GDH_Logo_eng.png\",\"contentUrl\":\"https:\/\/gdh-gmbh.redeco-it.de\/wp-content\/uploads\/2023\/10\/GDH_Logo_eng.png\",\"width\":1171,\"height\":258,\"caption\":\"GDH Metallverarbeitung GmbH\"},\"image\":{\"@id\":\"https:\/\/gdh-gmbh.redeco-it.de\/nl\/#\/schema\/logo\/image\/\"},\"sameAs\":[\"https:\/\/www.instagram.com\/gdh_metallverarbeitung\/\"]}]}<\/script>\n<!-- \/ Yoast SEO plugin. -->","yoast_head_json":{"title":"Carri\u00e8remogelijkheden bij GDH | Beroepen","description":"Ontdek de carri\u00e8remogelijkheden bij GDH. Met of zonder opleiding in metaaltechnologie - wij bieden mogelijkheden voor iedereen.","robots":{"index":"noindex","follow":"follow","max-snippet":"max-snippet:-1","max-image-preview":"max-image-preview:large","max-video-preview":"max-video-preview:-1"},"og_locale":"nl_NL","og_type":"article","og_title":"Carri\u00e8remogelijkheden bij GDH | Beroepen","og_description":"Ontdek de carri\u00e8remogelijkheden bij GDH. Met of zonder opleiding in metaaltechnologie - wij bieden mogelijkheden voor iedereen.","og_url":"https:\/\/gdh-gmbh.redeco-it.de\/nl\/beroepen\/","og_site_name":"GDH Metallverarbeitung GmbH","article_publisher":"https:\/\/www.instagram.com\/gdh_metallverarbeitung\/","article_modified_time":"2025-03-14T08:13:49+00:00","og_image":[{"url":"https:\/\/gdh-gmbh.redeco-it.de\/wp-content\/uploads\/elementor\/thumbs\/Berufe-2-GDH-II-19-qewz36ay2zb8qulekgwxnglq6wru4dzkqrdu6jhfvk.webp","type":"","width":"","height":""}],"twitter_card":"summary_large_image","twitter_misc":{"Geschatte leestijd":"1 minuut"},"schema":{"@context":"https:\/\/schema.org","@graph":[{"@type":"WebPage","@id":"https:\/\/gdh-gmbh.redeco-it.de\/nl\/beroepen\/","url":"https:\/\/gdh-gmbh.redeco-it.de\/nl\/beroepen\/","name":"Carri\u00e8remogelijkheden bij GDH | Beroepen","isPartOf":{"@id":"https:\/\/gdh-gmbh.redeco-it.de\/nl\/#website"},"primaryImageOfPage":{"@id":"https:\/\/gdh-gmbh.redeco-it.de\/nl\/beroepen\/#primaryimage"},"image":{"@id":"https:\/\/gdh-gmbh.redeco-it.de\/nl\/beroepen\/#primaryimage"},"thumbnailUrl":"https:\/\/gdh-gmbh.redeco-it.de\/wp-content\/uploads\/elementor\/thumbs\/Berufe-2-GDH-II-19-qewz36ay2zb8qulekgwxnglq6wru4dzkqrdu6jhfvk.webp","datePublished":"2023-10-27T15:42:46+00:00","dateModified":"2025-03-14T08:13:49+00:00","description":"Ontdek de carri\u00e8remogelijkheden bij GDH. Met of zonder opleiding in metaaltechnologie - wij bieden mogelijkheden voor iedereen.","breadcrumb":{"@id":"https:\/\/gdh-gmbh.redeco-it.de\/nl\/beroepen\/#breadcrumb"},"inLanguage":"nl-NL","potentialAction":[{"@type":"ReadAction","target":["https:\/\/gdh-gmbh.redeco-it.de\/nl\/beroepen\/"]}]},{"@type":"ImageObject","inLanguage":"nl-NL","@id":"https:\/\/gdh-gmbh.redeco-it.de\/nl\/beroepen\/#primaryimage","url":"https:\/\/gdh-gmbh.redeco-it.de\/wp-content\/uploads\/elementor\/thumbs\/Berufe-2-GDH-II-19-qewz36ay2zb8qulekgwxnglq6wru4dzkqrdu6jhfvk.webp","contentUrl":"https:\/\/gdh-gmbh.redeco-it.de\/wp-content\/uploads\/elementor\/thumbs\/Berufe-2-GDH-II-19-qewz36ay2zb8qulekgwxnglq6wru4dzkqrdu6jhfvk.webp"},{"@type":"BreadcrumbList","@id":"https:\/\/gdh-gmbh.redeco-it.de\/nl\/beroepen\/#breadcrumb","itemListElement":[{"@type":"ListItem","position":1,"name":"Startseite","item":"https:\/\/gdh-gmbh.redeco-it.de\/nl\/"},{"@type":"ListItem","position":2,"name":"Beroepen"}]},{"@type":"WebSite","@id":"https:\/\/gdh-gmbh.redeco-it.de\/nl\/#website","url":"https:\/\/gdh-gmbh.redeco-it.de\/nl\/","name":"GDH Metallverarbeitung GmbH","description":"Denken in tausendstel Millimetern.","publisher":{"@id":"https:\/\/gdh-gmbh.redeco-it.de\/nl\/#organization"},"potentialAction":[{"@type":"SearchAction","target":{"@type":"EntryPoint","urlTemplate":"https:\/\/gdh-gmbh.redeco-it.de\/nl\/?s={search_term_string}"},"query-input":{"@type":"PropertyValueSpecification","valueRequired":true,"valueName":"search_term_string"}}],"inLanguage":"nl-NL"},{"@type":"Organization","@id":"https:\/\/gdh-gmbh.redeco-it.de\/nl\/#organization","name":"GDH Metallverarbeitung GmbH","url":"https:\/\/gdh-gmbh.redeco-it.de\/nl\/","logo":{"@type":"ImageObject","inLanguage":"nl-NL","@id":"https:\/\/gdh-gmbh.redeco-it.de\/nl\/#\/schema\/logo\/image\/","url":"https:\/\/gdh-gmbh.redeco-it.de\/wp-content\/uploads\/2023\/10\/GDH_Logo_eng.png","contentUrl":"https:\/\/gdh-gmbh.redeco-it.de\/wp-content\/uploads\/2023\/10\/GDH_Logo_eng.png","width":1171,"height":258,"caption":"GDH Metallverarbeitung GmbH"},"image":{"@id":"https:\/\/gdh-gmbh.redeco-it.de\/nl\/#\/schema\/logo\/image\/"},"sameAs":["https:\/\/www.instagram.com\/gdh_metallverarbeitung\/"]}]}},"_links":{"self":[{"href":"https:\/\/gdh-gmbh.redeco-it.de\/nl\/wp-json\/wp\/v2\/pages\/7574","targetHints":{"allow":["GET"]}}],"collection":[{"href":"https:\/\/gdh-gmbh.redeco-it.de\/nl\/wp-json\/wp\/v2\/pages"}],"about":[{"href":"https:\/\/gdh-gmbh.redeco-it.de\/nl\/wp-json\/wp\/v2\/types\/page"}],"author":[{"embeddable":true,"href":"https:\/\/gdh-gmbh.redeco-it.de\/nl\/wp-json\/wp\/v2\/users\/6"}],"replies":[{"embeddable":true,"href":"https:\/\/gdh-gmbh.redeco-it.de\/nl\/wp-json\/wp\/v2\/comments?post=7574"}],"version-history":[{"count":0,"href":"https:\/\/gdh-gmbh.redeco-it.de\/nl\/wp-json\/wp\/v2\/pages\/7574\/revisions"}],"wp:attachment":[{"href":"https:\/\/gdh-gmbh.redeco-it.de\/nl\/wp-json\/wp\/v2\/media?parent=7574"}],"curies":[{"name":"wp","href":"https:\/\/api.w.org\/{rel}","templated":true}]}}