{"id":7388,"date":"2023-08-23T15:00:28","date_gmt":"2023-08-23T13:00:28","guid":{"rendered":"https:\/\/gdh-gmbh.redeco-it.de\/afdruk\/"},"modified":"2024-01-25T09:42:45","modified_gmt":"2024-01-25T08:42:45","slug":"afdruk","status":"publish","type":"page","link":"https:\/\/gdh-gmbh.redeco-it.de\/nl\/afdruk\/","title":{"rendered":"Afdruk"},"content":{"rendered":"\t\t<div data-elementor-type=\"wp-page\" data-elementor-id=\"7388\" class=\"elementor elementor-7388 elementor-284\" data-elementor-post-type=\"page\">\n\t\t\t\t<div class=\"elementor-element elementor-element-1969d3de e-flex e-con-boxed e-con e-parent\" data-id=\"1969d3de\" data-element_type=\"container\" data-settings=\"{&quot;background_background&quot;:&quot;classic&quot;}\">\n\t\t\t\t\t<div class=\"e-con-inner\">\n\t\t<div class=\"elementor-element elementor-element-59f7be55 e-con-full e-flex e-con e-child\" data-id=\"59f7be55\" data-element_type=\"container\">\n\t\t\t\t<\/div>\n\t\t<div class=\"elementor-element elementor-element-22c889b5 elementor-hidden-tablet elementor-hidden-mobile e-con-full e-flex e-con e-child\" data-id=\"22c889b5\" data-element_type=\"container\">\n\t\t\t\t<\/div>\n\t\t\t\t\t<\/div>\n\t\t\t\t<\/div>\n\t\t<div class=\"elementor-element elementor-element-41aecb4 e-flex e-con-boxed e-con e-parent\" data-id=\"41aecb4\" data-element_type=\"container\">\n\t\t\t\t\t<div class=\"e-con-inner\">\n\t\t\t\t<div class=\"elementor-element elementor-element-4b53876 elementor-widget elementor-widget-html\" data-id=\"4b53876\" data-element_type=\"widget\" data-widget_type=\"html.default\">\n\t\t\t\t<div class=\"elementor-widget-container\">\n\t\t\t\t\t<h1>Afdruk<\/h1>\n\n<h2>Informatie volgens \u00a7 5 TMG<\/h2>\n<p>GDH Metallverarbeitungs GmbH<br>\nAchter de Jahnstra\u00dfe 4<br>\n- Industrieterrein Jahnstra\u00dfe -<br>\n56470 Bad Marienberg<\/p>\n\n<p>Handelsregister: HRB 5288<br>\nRechtbank van inschrijving: Lokale rechtbank Montabaur<\/p>\n\n<p><strong>Vertegenwoordigd door:<\/strong><br>\nDetlef H\u00f6lper, Tristan H\u00f6lper en Niklas H\u00f6lper<\/p>\n\n<h2>Neem contact met ons op<\/h2>\n<p>Telefoon: +49 2661 9156-10<br>\nFax: +49 2661 9156-46<br>\nE-mail: info@gdh-gmbh.de<\/p>\n\n<h2>Verkoopbelasting ID<\/h2>\n<p>Omzetbelastingidentificatienummer volgens \u00a7 27 a van de wet op de omzetbelasting:<br>\nDE 176 727 119<\/p>\n\n<h2>Centrum voor beslechting van consumentengeschillen\/universeel arbitragecentrum<\/h2>\n<p>We zijn niet bereid of verplicht om deel te nemen aan geschillenbeslechtingsprocedures voor een arbitragecommissie voor consumenten.<\/p>\t\t\t\t<\/div>\n\t\t\t\t<\/div>\n\t\t\t\t<div class=\"elementor-element elementor-element-544c539 elementor-widget-divider--view-line elementor-widget elementor-widget-divider\" data-id=\"544c539\" data-element_type=\"widget\" data-widget_type=\"divider.default\">\n\t\t\t\t<div class=\"elementor-widget-container\">\n\t\t\t\t\t\t\t<div class=\"elementor-divider\">\n\t\t\t<span class=\"elementor-divider-separator\">\n\t\t\t\t\t\t<\/span>\n\t\t<\/div>\n\t\t\t\t\t\t<\/div>\n\t\t\t\t<\/div>\n\t\t\t\t\t<\/div>\n\t\t\t\t<\/div>\n\t\t<div class=\"elementor-element elementor-element-baf59a1 e-flex e-con-boxed e-con e-parent\" data-id=\"baf59a1\" data-element_type=\"container\">\n\t\t\t\t\t<div class=\"e-con-inner\">\n\t\t\t\t<div class=\"elementor-element elementor-element-e752f17 elementor-widget elementor-widget-text-editor\" data-id=\"e752f17\" data-element_type=\"widget\" data-widget_type=\"text-editor.default\">\n\t\t\t\t<div class=\"elementor-widget-container\">\n\t\t\t\t\t\t\t\t\t<p>Een service van: Zichtbaar-Nu-Marketing <a href=\"https:\/\/www.sichtbar-jetzt.de\" target=\"_blank\" rel=\"noopener\">&#8211; www.sichtbar-jetzt.de<\/a><\/p>\n\t\t\t\t\t\t\t\t<\/div>\n\t\t\t\t<\/div>\n\t\t\t\t\t<\/div>\n\t\t\t\t<\/div>\n\t\t\t\t<\/div>\n\t\t","protected":false},"excerpt":{"rendered":"<p>Afdruk Informatie volgens \u00a7 5 TMG GDH Metallverarbeitungs GmbH Achter de Jahnstra\u00dfe 4 &#8211; Industrieterrein Jahnstra\u00dfe &#8211; 56470 Bad Marienberg Handelsregister: HRB 5288 Rechtbank van inschrijving: Lokale rechtbank Montabaur Vertegenwoordigd door: Detlef H\u00f6lper, Tristan H\u00f6lper en Niklas H\u00f6lper Neem contact met ons op Telefoon: +49 2661 9156-10 Fax: +49 2661 9156-46 E-mail: info@gdh-gmbh.de Verkoopbelasting ID [&hellip;]<\/p>\n","protected":false},"author":1,"featured_media":0,"parent":0,"menu_order":0,"comment_status":"closed","ping_status":"closed","template":"","meta":{"footnotes":""},"class_list":["post-7388","page","type-page","status-publish","hentry"],"yoast_head":"<!-- This site is optimized with the Yoast SEO plugin v25.6 - https:\/\/yoast.com\/wordpress\/plugins\/seo\/ -->\n<title>Afdruk - GDH Metallverarbeitung GmbH<\/title>\n<meta name=\"robots\" content=\"noindex, follow, max-snippet:-1, max-image-preview:large, max-video-preview:-1\" \/>\n<meta property=\"og:locale\" content=\"nl_NL\" \/>\n<meta property=\"og:type\" content=\"article\" \/>\n<meta property=\"og:title\" content=\"Afdruk - GDH Metallverarbeitung GmbH\" \/>\n<meta property=\"og:description\" content=\"Afdruk Informatie volgens \u00a7 5 TMG GDH Metallverarbeitungs GmbH Achter de Jahnstra\u00dfe 4 &#8211; Industrieterrein Jahnstra\u00dfe &#8211; 56470 Bad Marienberg Handelsregister: HRB 5288 Rechtbank van inschrijving: Lokale rechtbank Montabaur Vertegenwoordigd door: Detlef H\u00f6lper, Tristan H\u00f6lper en Niklas H\u00f6lper Neem contact met ons op Telefoon: +49 2661 9156-10 Fax: +49 2661 9156-46 E-mail: info@gdh-gmbh.de Verkoopbelasting ID [&hellip;]\" \/>\n<meta property=\"og:url\" content=\"https:\/\/gdh-gmbh.redeco-it.de\/nl\/afdruk\/\" \/>\n<meta property=\"og:site_name\" content=\"GDH Metallverarbeitung GmbH\" \/>\n<meta property=\"article:publisher\" content=\"https:\/\/www.instagram.com\/gdh_metallverarbeitung\/\" \/>\n<meta property=\"article:modified_time\" content=\"2024-01-25T08:42:45+00:00\" \/>\n<meta name=\"twitter:card\" content=\"summary_large_image\" \/>\n<script type=\"application\/ld+json\" class=\"yoast-schema-graph\">{\"@context\":\"https:\/\/schema.org\",\"@graph\":[{\"@type\":\"WebPage\",\"@id\":\"https:\/\/gdh-gmbh.redeco-it.de\/nl\/afdruk\/\",\"url\":\"https:\/\/gdh-gmbh.redeco-it.de\/nl\/afdruk\/\",\"name\":\"Afdruk - GDH Metallverarbeitung GmbH\",\"isPartOf\":{\"@id\":\"https:\/\/gdh-gmbh.redeco-it.de\/nl\/#website\"},\"datePublished\":\"2023-08-23T13:00:28+00:00\",\"dateModified\":\"2024-01-25T08:42:45+00:00\",\"breadcrumb\":{\"@id\":\"https:\/\/gdh-gmbh.redeco-it.de\/nl\/afdruk\/#breadcrumb\"},\"inLanguage\":\"nl-NL\",\"potentialAction\":[{\"@type\":\"ReadAction\",\"target\":[\"https:\/\/gdh-gmbh.redeco-it.de\/nl\/afdruk\/\"]}]},{\"@type\":\"BreadcrumbList\",\"@id\":\"https:\/\/gdh-gmbh.redeco-it.de\/nl\/afdruk\/#breadcrumb\",\"itemListElement\":[{\"@type\":\"ListItem\",\"position\":1,\"name\":\"Startseite\",\"item\":\"https:\/\/gdh-gmbh.redeco-it.de\/nl\/\"},{\"@type\":\"ListItem\",\"position\":2,\"name\":\"Afdruk\"}]},{\"@type\":\"WebSite\",\"@id\":\"https:\/\/gdh-gmbh.redeco-it.de\/nl\/#website\",\"url\":\"https:\/\/gdh-gmbh.redeco-it.de\/nl\/\",\"name\":\"GDH Metallverarbeitung GmbH\",\"description\":\"Denken in tausendstel Millimetern.\",\"publisher\":{\"@id\":\"https:\/\/gdh-gmbh.redeco-it.de\/nl\/#organization\"},\"potentialAction\":[{\"@type\":\"SearchAction\",\"target\":{\"@type\":\"EntryPoint\",\"urlTemplate\":\"https:\/\/gdh-gmbh.redeco-it.de\/nl\/?s={search_term_string}\"},\"query-input\":{\"@type\":\"PropertyValueSpecification\",\"valueRequired\":true,\"valueName\":\"search_term_string\"}}],\"inLanguage\":\"nl-NL\"},{\"@type\":\"Organization\",\"@id\":\"https:\/\/gdh-gmbh.redeco-it.de\/nl\/#organization\",\"name\":\"GDH Metallverarbeitung GmbH\",\"url\":\"https:\/\/gdh-gmbh.redeco-it.de\/nl\/\",\"logo\":{\"@type\":\"ImageObject\",\"inLanguage\":\"nl-NL\",\"@id\":\"https:\/\/gdh-gmbh.redeco-it.de\/nl\/#\/schema\/logo\/image\/\",\"url\":\"https:\/\/gdh-gmbh.redeco-it.de\/wp-content\/uploads\/2023\/10\/GDH_Logo_eng.png\",\"contentUrl\":\"https:\/\/gdh-gmbh.redeco-it.de\/wp-content\/uploads\/2023\/10\/GDH_Logo_eng.png\",\"width\":1171,\"height\":258,\"caption\":\"GDH Metallverarbeitung GmbH\"},\"image\":{\"@id\":\"https:\/\/gdh-gmbh.redeco-it.de\/nl\/#\/schema\/logo\/image\/\"},\"sameAs\":[\"https:\/\/www.instagram.com\/gdh_metallverarbeitung\/\"]}]}<\/script>\n<!-- \/ Yoast SEO plugin. -->","yoast_head_json":{"title":"Afdruk - GDH Metallverarbeitung GmbH","robots":{"index":"noindex","follow":"follow","max-snippet":"max-snippet:-1","max-image-preview":"max-image-preview:large","max-video-preview":"max-video-preview:-1"},"og_locale":"nl_NL","og_type":"article","og_title":"Afdruk - GDH Metallverarbeitung GmbH","og_description":"Afdruk Informatie volgens \u00a7 5 TMG GDH Metallverarbeitungs GmbH Achter de Jahnstra\u00dfe 4 &#8211; Industrieterrein Jahnstra\u00dfe &#8211; 56470 Bad Marienberg Handelsregister: HRB 5288 Rechtbank van inschrijving: Lokale rechtbank Montabaur Vertegenwoordigd door: Detlef H\u00f6lper, Tristan H\u00f6lper en Niklas H\u00f6lper Neem contact met ons op Telefoon: +49 2661 9156-10 Fax: +49 2661 9156-46 E-mail: info@gdh-gmbh.de Verkoopbelasting ID [&hellip;]","og_url":"https:\/\/gdh-gmbh.redeco-it.de\/nl\/afdruk\/","og_site_name":"GDH Metallverarbeitung GmbH","article_publisher":"https:\/\/www.instagram.com\/gdh_metallverarbeitung\/","article_modified_time":"2024-01-25T08:42:45+00:00","twitter_card":"summary_large_image","schema":{"@context":"https:\/\/schema.org","@graph":[{"@type":"WebPage","@id":"https:\/\/gdh-gmbh.redeco-it.de\/nl\/afdruk\/","url":"https:\/\/gdh-gmbh.redeco-it.de\/nl\/afdruk\/","name":"Afdruk - GDH Metallverarbeitung GmbH","isPartOf":{"@id":"https:\/\/gdh-gmbh.redeco-it.de\/nl\/#website"},"datePublished":"2023-08-23T13:00:28+00:00","dateModified":"2024-01-25T08:42:45+00:00","breadcrumb":{"@id":"https:\/\/gdh-gmbh.redeco-it.de\/nl\/afdruk\/#breadcrumb"},"inLanguage":"nl-NL","potentialAction":[{"@type":"ReadAction","target":["https:\/\/gdh-gmbh.redeco-it.de\/nl\/afdruk\/"]}]},{"@type":"BreadcrumbList","@id":"https:\/\/gdh-gmbh.redeco-it.de\/nl\/afdruk\/#breadcrumb","itemListElement":[{"@type":"ListItem","position":1,"name":"Startseite","item":"https:\/\/gdh-gmbh.redeco-it.de\/nl\/"},{"@type":"ListItem","position":2,"name":"Afdruk"}]},{"@type":"WebSite","@id":"https:\/\/gdh-gmbh.redeco-it.de\/nl\/#website","url":"https:\/\/gdh-gmbh.redeco-it.de\/nl\/","name":"GDH Metallverarbeitung GmbH","description":"Denken in tausendstel Millimetern.","publisher":{"@id":"https:\/\/gdh-gmbh.redeco-it.de\/nl\/#organization"},"potentialAction":[{"@type":"SearchAction","target":{"@type":"EntryPoint","urlTemplate":"https:\/\/gdh-gmbh.redeco-it.de\/nl\/?s={search_term_string}"},"query-input":{"@type":"PropertyValueSpecification","valueRequired":true,"valueName":"search_term_string"}}],"inLanguage":"nl-NL"},{"@type":"Organization","@id":"https:\/\/gdh-gmbh.redeco-it.de\/nl\/#organization","name":"GDH Metallverarbeitung GmbH","url":"https:\/\/gdh-gmbh.redeco-it.de\/nl\/","logo":{"@type":"ImageObject","inLanguage":"nl-NL","@id":"https:\/\/gdh-gmbh.redeco-it.de\/nl\/#\/schema\/logo\/image\/","url":"https:\/\/gdh-gmbh.redeco-it.de\/wp-content\/uploads\/2023\/10\/GDH_Logo_eng.png","contentUrl":"https:\/\/gdh-gmbh.redeco-it.de\/wp-content\/uploads\/2023\/10\/GDH_Logo_eng.png","width":1171,"height":258,"caption":"GDH Metallverarbeitung GmbH"},"image":{"@id":"https:\/\/gdh-gmbh.redeco-it.de\/nl\/#\/schema\/logo\/image\/"},"sameAs":["https:\/\/www.instagram.com\/gdh_metallverarbeitung\/"]}]}},"_links":{"self":[{"href":"https:\/\/gdh-gmbh.redeco-it.de\/nl\/wp-json\/wp\/v2\/pages\/7388","targetHints":{"allow":["GET"]}}],"collection":[{"href":"https:\/\/gdh-gmbh.redeco-it.de\/nl\/wp-json\/wp\/v2\/pages"}],"about":[{"href":"https:\/\/gdh-gmbh.redeco-it.de\/nl\/wp-json\/wp\/v2\/types\/page"}],"author":[{"embeddable":true,"href":"https:\/\/gdh-gmbh.redeco-it.de\/nl\/wp-json\/wp\/v2\/users\/1"}],"replies":[{"embeddable":true,"href":"https:\/\/gdh-gmbh.redeco-it.de\/nl\/wp-json\/wp\/v2\/comments?post=7388"}],"version-history":[{"count":0,"href":"https:\/\/gdh-gmbh.redeco-it.de\/nl\/wp-json\/wp\/v2\/pages\/7388\/revisions"}],"wp:attachment":[{"href":"https:\/\/gdh-gmbh.redeco-it.de\/nl\/wp-json\/wp\/v2\/media?parent=7388"}],"curies":[{"name":"wp","href":"https:\/\/api.w.org\/{rel}","templated":true}]}}