{"id":6192,"date":"2023-08-23T15:00:28","date_gmt":"2023-08-23T13:00:28","guid":{"rendered":"https:\/\/gdh-gmbh.redeco-it.de\/imprint\/"},"modified":"2023-11-07T12:38:05","modified_gmt":"2023-11-07T11:38:05","slug":"imprint","status":"publish","type":"page","link":"https:\/\/gdh-gmbh.redeco-it.de\/en\/imprint\/","title":{"rendered":"Imprint"},"content":{"rendered":"\t\t<div data-elementor-type=\"wp-page\" data-elementor-id=\"6192\" class=\"elementor elementor-6192 elementor-284\" data-elementor-post-type=\"page\">\n\t\t\t\t<div class=\"elementor-element elementor-element-1969d3de e-flex e-con-boxed e-con e-parent\" data-id=\"1969d3de\" data-element_type=\"container\" data-settings=\"{&quot;background_background&quot;:&quot;classic&quot;}\">\n\t\t\t\t\t<div class=\"e-con-inner\">\n\t\t<div class=\"elementor-element elementor-element-59f7be55 e-con-full e-flex e-con e-child\" data-id=\"59f7be55\" data-element_type=\"container\">\n\t\t\t\t<\/div>\n\t\t<div class=\"elementor-element elementor-element-22c889b5 elementor-hidden-tablet elementor-hidden-mobile e-con-full e-flex e-con e-child\" data-id=\"22c889b5\" data-element_type=\"container\">\n\t\t\t\t<\/div>\n\t\t\t\t\t<\/div>\n\t\t\t\t<\/div>\n\t\t<div class=\"elementor-element elementor-element-41aecb4 e-flex e-con-boxed e-con e-parent\" data-id=\"41aecb4\" data-element_type=\"container\">\n\t\t\t\t\t<div class=\"e-con-inner\">\n\t\t\t\t<div class=\"elementor-element elementor-element-4b53876 elementor-widget elementor-widget-html\" data-id=\"4b53876\" data-element_type=\"widget\" data-widget_type=\"html.default\">\n\t\t\t\t<div class=\"elementor-widget-container\">\n\t\t\t\t\t<h1>Imprint<\/h1>\n\n<h2>Information according to \u00a7 5 TMG<\/h2>\n<p>GDH Metallverarbeitungs GmbH<br>\nHinter der Jahnstra\u00dfe 4<br>\n- Jahnstrasse industrial estate -<br>\n56470 Bad Marienberg<\/p>\n\n<p>Commercial register: HRB 5288<br>\nRegister court: Local court Montabaur<\/p>\n\n<p><strong>Represented by:<\/strong><br>\nDetlef H\u00f6lper, Tristan H\u00f6lper and Niklas H\u00f6lper<\/p>\n\n<h2>Contact us<\/h2>\n<p>Phone: +49 2661 9156-10<br>\nFax: +49 2661 9156-46<br>\nE-mail: info@gdh-gmbh.de<\/p>\n\n<h2>Sales tax ID<\/h2>\n<p>Sales tax identification number according to \u00a7 27 a sales tax law:<br>\nDE 176 727 119<\/p>\n\n<h2>Consumer dispute resolution\/universal arbitration board<\/h2>\n<p>We are not willing or obliged to participate in dispute resolution proceedings before a consumer arbitration board.<\/p>\t\t\t\t<\/div>\n\t\t\t\t<\/div>\n\t\t\t\t<div class=\"elementor-element elementor-element-544c539 elementor-widget-divider--view-line elementor-widget elementor-widget-divider\" data-id=\"544c539\" data-element_type=\"widget\" data-widget_type=\"divider.default\">\n\t\t\t\t<div class=\"elementor-widget-container\">\n\t\t\t\t\t\t\t<div class=\"elementor-divider\">\n\t\t\t<span class=\"elementor-divider-separator\">\n\t\t\t\t\t\t<\/span>\n\t\t<\/div>\n\t\t\t\t\t\t<\/div>\n\t\t\t\t<\/div>\n\t\t\t\t\t<\/div>\n\t\t\t\t<\/div>\n\t\t<div class=\"elementor-element elementor-element-baf59a1 e-flex e-con-boxed e-con e-parent\" data-id=\"baf59a1\" data-element_type=\"container\">\n\t\t\t\t\t<div class=\"e-con-inner\">\n\t\t\t\t<div class=\"elementor-element elementor-element-e752f17 elementor-widget elementor-widget-text-editor\" data-id=\"e752f17\" data-element_type=\"widget\" data-widget_type=\"text-editor.default\">\n\t\t\t\t<div class=\"elementor-widget-container\">\n\t\t\t\t\t\t\t\t\t<p>A service from: Sichtbar-Jetzt-Marketing <a href=\"https:\/\/www.sichtbar-jetzt.de\" target=\"_blank\" rel=\"noopener\">&#8211; www.sichtbar-jetzt.de<\/a><\/p>\t\t\t\t\t\t\t\t<\/div>\n\t\t\t\t<\/div>\n\t\t\t\t\t<\/div>\n\t\t\t\t<\/div>\n\t\t\t\t<\/div>\n\t\t","protected":false},"excerpt":{"rendered":"<p>Imprint Information according to \u00a7 5 TMG GDH Metallverarbeitungs GmbH Hinter der Jahnstra\u00dfe 4 &#8211; Jahnstrasse industrial estate &#8211; 56470 Bad Marienberg Commercial register: HRB 5288 Register court: Local court Montabaur Represented by: Detlef H\u00f6lper, Tristan H\u00f6lper and Niklas H\u00f6lper Contact us Phone: +49 2661 9156-10 Fax: +49 2661 9156-46 E-mail: info@gdh-gmbh.de Sales tax ID [&hellip;]<\/p>\n","protected":false},"author":1,"featured_media":0,"parent":0,"menu_order":0,"comment_status":"closed","ping_status":"closed","template":"","meta":{"footnotes":""},"class_list":["post-6192","page","type-page","status-publish","hentry"],"yoast_head":"<!-- This site is optimized with the Yoast SEO plugin v25.6 - https:\/\/yoast.com\/wordpress\/plugins\/seo\/ -->\n<title>Imprint - GDH Metallverarbeitung GmbH<\/title>\n<meta name=\"robots\" content=\"noindex, follow, max-snippet:-1, max-image-preview:large, max-video-preview:-1\" \/>\n<meta property=\"og:locale\" content=\"en_US\" \/>\n<meta property=\"og:type\" content=\"article\" \/>\n<meta property=\"og:title\" content=\"Imprint - GDH Metallverarbeitung GmbH\" \/>\n<meta property=\"og:description\" content=\"Imprint Information according to \u00a7 5 TMG GDH Metallverarbeitungs GmbH Hinter der Jahnstra\u00dfe 4 &#8211; Jahnstrasse industrial estate &#8211; 56470 Bad Marienberg Commercial register: HRB 5288 Register court: Local court Montabaur Represented by: Detlef H\u00f6lper, Tristan H\u00f6lper and Niklas H\u00f6lper Contact us Phone: +49 2661 9156-10 Fax: +49 2661 9156-46 E-mail: info@gdh-gmbh.de Sales tax ID [&hellip;]\" \/>\n<meta property=\"og:url\" content=\"https:\/\/gdh-gmbh.redeco-it.de\/en\/imprint\/\" \/>\n<meta property=\"og:site_name\" content=\"GDH Metallverarbeitung GmbH\" \/>\n<meta property=\"article:publisher\" content=\"https:\/\/www.instagram.com\/gdh_metallverarbeitung\/\" \/>\n<meta property=\"article:modified_time\" content=\"2023-11-07T11:38:05+00:00\" \/>\n<meta name=\"twitter:card\" content=\"summary_large_image\" \/>\n<meta name=\"twitter:label1\" content=\"Est. reading time\" \/>\n\t<meta name=\"twitter:data1\" content=\"1 minute\" \/>\n<script type=\"application\/ld+json\" class=\"yoast-schema-graph\">{\"@context\":\"https:\/\/schema.org\",\"@graph\":[{\"@type\":\"WebPage\",\"@id\":\"https:\/\/gdh-gmbh.redeco-it.de\/en\/imprint\/\",\"url\":\"https:\/\/gdh-gmbh.redeco-it.de\/en\/imprint\/\",\"name\":\"Imprint - GDH Metallverarbeitung GmbH\",\"isPartOf\":{\"@id\":\"https:\/\/gdh-gmbh.redeco-it.de\/en\/#website\"},\"datePublished\":\"2023-08-23T13:00:28+00:00\",\"dateModified\":\"2023-11-07T11:38:05+00:00\",\"breadcrumb\":{\"@id\":\"https:\/\/gdh-gmbh.redeco-it.de\/en\/imprint\/#breadcrumb\"},\"inLanguage\":\"en-US\",\"potentialAction\":[{\"@type\":\"ReadAction\",\"target\":[\"https:\/\/gdh-gmbh.redeco-it.de\/en\/imprint\/\"]}]},{\"@type\":\"BreadcrumbList\",\"@id\":\"https:\/\/gdh-gmbh.redeco-it.de\/en\/imprint\/#breadcrumb\",\"itemListElement\":[{\"@type\":\"ListItem\",\"position\":1,\"name\":\"Startseite\",\"item\":\"https:\/\/gdh-gmbh.redeco-it.de\/en\/\"},{\"@type\":\"ListItem\",\"position\":2,\"name\":\"Imprint\"}]},{\"@type\":\"WebSite\",\"@id\":\"https:\/\/gdh-gmbh.redeco-it.de\/en\/#website\",\"url\":\"https:\/\/gdh-gmbh.redeco-it.de\/en\/\",\"name\":\"GDH Metallverarbeitung GmbH\",\"description\":\"Denken in tausendstel Millimetern.\",\"publisher\":{\"@id\":\"https:\/\/gdh-gmbh.redeco-it.de\/en\/#organization\"},\"potentialAction\":[{\"@type\":\"SearchAction\",\"target\":{\"@type\":\"EntryPoint\",\"urlTemplate\":\"https:\/\/gdh-gmbh.redeco-it.de\/en\/?s={search_term_string}\"},\"query-input\":{\"@type\":\"PropertyValueSpecification\",\"valueRequired\":true,\"valueName\":\"search_term_string\"}}],\"inLanguage\":\"en-US\"},{\"@type\":\"Organization\",\"@id\":\"https:\/\/gdh-gmbh.redeco-it.de\/en\/#organization\",\"name\":\"GDH Metallverarbeitung GmbH\",\"url\":\"https:\/\/gdh-gmbh.redeco-it.de\/en\/\",\"logo\":{\"@type\":\"ImageObject\",\"inLanguage\":\"en-US\",\"@id\":\"https:\/\/gdh-gmbh.redeco-it.de\/en\/#\/schema\/logo\/image\/\",\"url\":\"https:\/\/gdh-gmbh.redeco-it.de\/wp-content\/uploads\/2023\/10\/GDH_Logo_eng.png\",\"contentUrl\":\"https:\/\/gdh-gmbh.redeco-it.de\/wp-content\/uploads\/2023\/10\/GDH_Logo_eng.png\",\"width\":1171,\"height\":258,\"caption\":\"GDH Metallverarbeitung GmbH\"},\"image\":{\"@id\":\"https:\/\/gdh-gmbh.redeco-it.de\/en\/#\/schema\/logo\/image\/\"},\"sameAs\":[\"https:\/\/www.instagram.com\/gdh_metallverarbeitung\/\"]}]}<\/script>\n<!-- \/ Yoast SEO plugin. -->","yoast_head_json":{"title":"Imprint - GDH Metallverarbeitung GmbH","robots":{"index":"noindex","follow":"follow","max-snippet":"max-snippet:-1","max-image-preview":"max-image-preview:large","max-video-preview":"max-video-preview:-1"},"og_locale":"en_US","og_type":"article","og_title":"Imprint - GDH Metallverarbeitung GmbH","og_description":"Imprint Information according to \u00a7 5 TMG GDH Metallverarbeitungs GmbH Hinter der Jahnstra\u00dfe 4 &#8211; Jahnstrasse industrial estate &#8211; 56470 Bad Marienberg Commercial register: HRB 5288 Register court: Local court Montabaur Represented by: Detlef H\u00f6lper, Tristan H\u00f6lper and Niklas H\u00f6lper Contact us Phone: +49 2661 9156-10 Fax: +49 2661 9156-46 E-mail: info@gdh-gmbh.de Sales tax ID [&hellip;]","og_url":"https:\/\/gdh-gmbh.redeco-it.de\/en\/imprint\/","og_site_name":"GDH Metallverarbeitung GmbH","article_publisher":"https:\/\/www.instagram.com\/gdh_metallverarbeitung\/","article_modified_time":"2023-11-07T11:38:05+00:00","twitter_card":"summary_large_image","twitter_misc":{"Est. reading time":"1 minute"},"schema":{"@context":"https:\/\/schema.org","@graph":[{"@type":"WebPage","@id":"https:\/\/gdh-gmbh.redeco-it.de\/en\/imprint\/","url":"https:\/\/gdh-gmbh.redeco-it.de\/en\/imprint\/","name":"Imprint - GDH Metallverarbeitung GmbH","isPartOf":{"@id":"https:\/\/gdh-gmbh.redeco-it.de\/en\/#website"},"datePublished":"2023-08-23T13:00:28+00:00","dateModified":"2023-11-07T11:38:05+00:00","breadcrumb":{"@id":"https:\/\/gdh-gmbh.redeco-it.de\/en\/imprint\/#breadcrumb"},"inLanguage":"en-US","potentialAction":[{"@type":"ReadAction","target":["https:\/\/gdh-gmbh.redeco-it.de\/en\/imprint\/"]}]},{"@type":"BreadcrumbList","@id":"https:\/\/gdh-gmbh.redeco-it.de\/en\/imprint\/#breadcrumb","itemListElement":[{"@type":"ListItem","position":1,"name":"Startseite","item":"https:\/\/gdh-gmbh.redeco-it.de\/en\/"},{"@type":"ListItem","position":2,"name":"Imprint"}]},{"@type":"WebSite","@id":"https:\/\/gdh-gmbh.redeco-it.de\/en\/#website","url":"https:\/\/gdh-gmbh.redeco-it.de\/en\/","name":"GDH Metallverarbeitung GmbH","description":"Denken in tausendstel Millimetern.","publisher":{"@id":"https:\/\/gdh-gmbh.redeco-it.de\/en\/#organization"},"potentialAction":[{"@type":"SearchAction","target":{"@type":"EntryPoint","urlTemplate":"https:\/\/gdh-gmbh.redeco-it.de\/en\/?s={search_term_string}"},"query-input":{"@type":"PropertyValueSpecification","valueRequired":true,"valueName":"search_term_string"}}],"inLanguage":"en-US"},{"@type":"Organization","@id":"https:\/\/gdh-gmbh.redeco-it.de\/en\/#organization","name":"GDH Metallverarbeitung GmbH","url":"https:\/\/gdh-gmbh.redeco-it.de\/en\/","logo":{"@type":"ImageObject","inLanguage":"en-US","@id":"https:\/\/gdh-gmbh.redeco-it.de\/en\/#\/schema\/logo\/image\/","url":"https:\/\/gdh-gmbh.redeco-it.de\/wp-content\/uploads\/2023\/10\/GDH_Logo_eng.png","contentUrl":"https:\/\/gdh-gmbh.redeco-it.de\/wp-content\/uploads\/2023\/10\/GDH_Logo_eng.png","width":1171,"height":258,"caption":"GDH Metallverarbeitung GmbH"},"image":{"@id":"https:\/\/gdh-gmbh.redeco-it.de\/en\/#\/schema\/logo\/image\/"},"sameAs":["https:\/\/www.instagram.com\/gdh_metallverarbeitung\/"]}]}},"_links":{"self":[{"href":"https:\/\/gdh-gmbh.redeco-it.de\/en\/wp-json\/wp\/v2\/pages\/6192","targetHints":{"allow":["GET"]}}],"collection":[{"href":"https:\/\/gdh-gmbh.redeco-it.de\/en\/wp-json\/wp\/v2\/pages"}],"about":[{"href":"https:\/\/gdh-gmbh.redeco-it.de\/en\/wp-json\/wp\/v2\/types\/page"}],"author":[{"embeddable":true,"href":"https:\/\/gdh-gmbh.redeco-it.de\/en\/wp-json\/wp\/v2\/users\/1"}],"replies":[{"embeddable":true,"href":"https:\/\/gdh-gmbh.redeco-it.de\/en\/wp-json\/wp\/v2\/comments?post=6192"}],"version-history":[{"count":0,"href":"https:\/\/gdh-gmbh.redeco-it.de\/en\/wp-json\/wp\/v2\/pages\/6192\/revisions"}],"wp:attachment":[{"href":"https:\/\/gdh-gmbh.redeco-it.de\/en\/wp-json\/wp\/v2\/media?parent=6192"}],"curies":[{"name":"wp","href":"https:\/\/api.w.org\/{rel}","templated":true}]}}